{"id":719,"date":"2026-02-07T21:37:30","date_gmt":"2026-02-07T20:37:30","guid":{"rendered":"https:\/\/sempowisko.com\/home\/?page_id=719"},"modified":"2026-02-07T23:58:18","modified_gmt":"2026-02-07T22:58:18","slug":"sempowisko-2025","status":"publish","type":"page","link":"https:\/\/sempowisko.com\/home\/sempowisko-2025\/","title":{"rendered":"SeMPowisko 2025"},"content":{"rendered":"\n<p>SeMPowisko 2025 odby\u0142o si\u0119 w dniach 22-25 maja 2025 roku na WCh, WMiI i WFAIS UJ (w tej kolejno\u015bci). Wi\u0119cej informacji na stronie: <a href=\"https:\/\/sempowisko.com\/page\/2025\/\">https:\/\/sempowisko.com\/page\/2025\/<\/a>.<\/p>\n","protected":false},"excerpt":{"rendered":"<p>SeMPowisko 2025 odby\u0142o si\u0119 w dniach 22-25 maja 2025 roku na WCh, WMiI i WFAIS UJ (w tej kolejno\u015bci). Wi\u0119cej informacji na stronie: https:\/\/sempowisko.com\/page\/2025\/.<\/p>\n","protected":false},"author":15,"featured_media":0,"parent":0,"menu_order":-25,"comment_status":"closed","ping_status":"closed","template":"","meta":{"footnotes":""},"yoast_head":"<!-- This site is optimized with the Yoast SEO plugin v22.2 - https:\/\/yoast.com\/wordpress\/plugins\/seo\/ -->\n<title>SeMPowisko 2025 - KMPSUJ<\/title>\n<meta name=\"robots\" content=\"index, follow, max-snippet:-1, max-image-preview:large, max-video-preview:-1\" \/>\n<link rel=\"canonical\" href=\"https:\/\/sempowisko.com\/home\/sempowisko-2025\/\" \/>\n<meta property=\"og:locale\" content=\"pl_PL\" \/>\n<meta property=\"og:type\" content=\"article\" \/>\n<meta property=\"og:title\" content=\"SeMPowisko 2025 - KMPSUJ\" \/>\n<meta property=\"og:description\" content=\"SeMPowisko 2025 odby\u0142o si\u0119 w dniach 22-25 maja 2025 roku na WCh, WMiI i WFAIS UJ (w tej kolejno\u015bci). Wi\u0119cej informacji na stronie: https:\/\/sempowisko.com\/page\/2025\/.\" \/>\n<meta property=\"og:url\" content=\"https:\/\/sempowisko.com\/home\/sempowisko-2025\/\" \/>\n<meta property=\"og:site_name\" content=\"KMPSUJ\" \/>\n<meta property=\"article:publisher\" content=\"https:\/\/www.facebook.com\/KMPSUJ\" \/>\n<meta property=\"article:modified_time\" content=\"2026-02-07T22:58:18+00:00\" \/>\n<meta name=\"twitter:card\" content=\"summary_large_image\" \/>\n<meta name=\"twitter:label1\" content=\"Szacowany czas czytania\" \/>\n\t<meta name=\"twitter:data1\" content=\"1 minuta\" \/>\n<script type=\"application\/ld+json\" class=\"yoast-schema-graph\">{\"@context\":\"https:\/\/schema.org\",\"@graph\":[{\"@type\":\"WebPage\",\"@id\":\"https:\/\/sempowisko.com\/home\/sempowisko-2025\/\",\"url\":\"https:\/\/sempowisko.com\/home\/sempowisko-2025\/\",\"name\":\"SeMPowisko 2025 - KMPSUJ\",\"isPartOf\":{\"@id\":\"https:\/\/sempowisko.com\/home\/#website\"},\"datePublished\":\"2026-02-07T20:37:30+00:00\",\"dateModified\":\"2026-02-07T22:58:18+00:00\",\"breadcrumb\":{\"@id\":\"https:\/\/sempowisko.com\/home\/sempowisko-2025\/#breadcrumb\"},\"inLanguage\":\"pl-PL\",\"potentialAction\":[{\"@type\":\"ReadAction\",\"target\":[\"https:\/\/sempowisko.com\/home\/sempowisko-2025\/\"]}]},{\"@type\":\"BreadcrumbList\",\"@id\":\"https:\/\/sempowisko.com\/home\/sempowisko-2025\/#breadcrumb\",\"itemListElement\":[{\"@type\":\"ListItem\",\"position\":1,\"name\":\"Strona g\u0142\u00f3wna\",\"item\":\"https:\/\/sempowisko.com\/home\/\"},{\"@type\":\"ListItem\",\"position\":2,\"name\":\"SeMPowisko 2025\"}]},{\"@type\":\"WebSite\",\"@id\":\"https:\/\/sempowisko.com\/home\/#website\",\"url\":\"https:\/\/sempowisko.com\/home\/\",\"name\":\"KMPSUJ\",\"description\":\"Na tej ga\u0142\u0119zi siedzi SeMP\",\"publisher\":{\"@id\":\"https:\/\/sempowisko.com\/home\/#organization\"},\"potentialAction\":[{\"@type\":\"SearchAction\",\"target\":{\"@type\":\"EntryPoint\",\"urlTemplate\":\"https:\/\/sempowisko.com\/home\/?s={search_term_string}\"},\"query-input\":\"required name=search_term_string\"}],\"inLanguage\":\"pl-PL\"},{\"@type\":\"Organization\",\"@id\":\"https:\/\/sempowisko.com\/home\/#organization\",\"name\":\"Ko\u0142o Matematyczno-Przyrodnicze Student\u00f3w UJ\",\"url\":\"https:\/\/sempowisko.com\/home\/\",\"logo\":{\"@type\":\"ImageObject\",\"inLanguage\":\"pl-PL\",\"@id\":\"https:\/\/sempowisko.com\/home\/#\/schema\/logo\/image\/\",\"url\":\"https:\/\/smp.if.uj.edu.pl\/home\/wp-content\/uploads\/2016\/05\/nowe_logo_kola.png\",\"contentUrl\":\"https:\/\/smp.if.uj.edu.pl\/home\/wp-content\/uploads\/2016\/05\/nowe_logo_kola.png\",\"width\":835,\"height\":758,\"caption\":\"Ko\u0142o Matematyczno-Przyrodnicze Student\u00f3w UJ\"},\"image\":{\"@id\":\"https:\/\/sempowisko.com\/home\/#\/schema\/logo\/image\/\"},\"sameAs\":[\"https:\/\/www.facebook.com\/KMPSUJ\"]}]}<\/script>\n<!-- \/ Yoast SEO plugin. -->","yoast_head_json":{"title":"SeMPowisko 2025 - KMPSUJ","robots":{"index":"index","follow":"follow","max-snippet":"max-snippet:-1","max-image-preview":"max-image-preview:large","max-video-preview":"max-video-preview:-1"},"canonical":"https:\/\/sempowisko.com\/home\/sempowisko-2025\/","og_locale":"pl_PL","og_type":"article","og_title":"SeMPowisko 2025 - KMPSUJ","og_description":"SeMPowisko 2025 odby\u0142o si\u0119 w dniach 22-25 maja 2025 roku na WCh, WMiI i WFAIS UJ (w tej kolejno\u015bci). Wi\u0119cej informacji na stronie: https:\/\/sempowisko.com\/page\/2025\/.","og_url":"https:\/\/sempowisko.com\/home\/sempowisko-2025\/","og_site_name":"KMPSUJ","article_publisher":"https:\/\/www.facebook.com\/KMPSUJ","article_modified_time":"2026-02-07T22:58:18+00:00","twitter_card":"summary_large_image","twitter_misc":{"Szacowany czas czytania":"1 minuta"},"schema":{"@context":"https:\/\/schema.org","@graph":[{"@type":"WebPage","@id":"https:\/\/sempowisko.com\/home\/sempowisko-2025\/","url":"https:\/\/sempowisko.com\/home\/sempowisko-2025\/","name":"SeMPowisko 2025 - KMPSUJ","isPartOf":{"@id":"https:\/\/sempowisko.com\/home\/#website"},"datePublished":"2026-02-07T20:37:30+00:00","dateModified":"2026-02-07T22:58:18+00:00","breadcrumb":{"@id":"https:\/\/sempowisko.com\/home\/sempowisko-2025\/#breadcrumb"},"inLanguage":"pl-PL","potentialAction":[{"@type":"ReadAction","target":["https:\/\/sempowisko.com\/home\/sempowisko-2025\/"]}]},{"@type":"BreadcrumbList","@id":"https:\/\/sempowisko.com\/home\/sempowisko-2025\/#breadcrumb","itemListElement":[{"@type":"ListItem","position":1,"name":"Strona g\u0142\u00f3wna","item":"https:\/\/sempowisko.com\/home\/"},{"@type":"ListItem","position":2,"name":"SeMPowisko 2025"}]},{"@type":"WebSite","@id":"https:\/\/sempowisko.com\/home\/#website","url":"https:\/\/sempowisko.com\/home\/","name":"KMPSUJ","description":"Na tej ga\u0142\u0119zi siedzi SeMP","publisher":{"@id":"https:\/\/sempowisko.com\/home\/#organization"},"potentialAction":[{"@type":"SearchAction","target":{"@type":"EntryPoint","urlTemplate":"https:\/\/sempowisko.com\/home\/?s={search_term_string}"},"query-input":"required name=search_term_string"}],"inLanguage":"pl-PL"},{"@type":"Organization","@id":"https:\/\/sempowisko.com\/home\/#organization","name":"Ko\u0142o Matematyczno-Przyrodnicze Student\u00f3w UJ","url":"https:\/\/sempowisko.com\/home\/","logo":{"@type":"ImageObject","inLanguage":"pl-PL","@id":"https:\/\/sempowisko.com\/home\/#\/schema\/logo\/image\/","url":"https:\/\/smp.if.uj.edu.pl\/home\/wp-content\/uploads\/2016\/05\/nowe_logo_kola.png","contentUrl":"https:\/\/smp.if.uj.edu.pl\/home\/wp-content\/uploads\/2016\/05\/nowe_logo_kola.png","width":835,"height":758,"caption":"Ko\u0142o Matematyczno-Przyrodnicze Student\u00f3w UJ"},"image":{"@id":"https:\/\/sempowisko.com\/home\/#\/schema\/logo\/image\/"},"sameAs":["https:\/\/www.facebook.com\/KMPSUJ"]}]}},"_links":{"self":[{"href":"https:\/\/sempowisko.com\/home\/wp-json\/wp\/v2\/pages\/719"}],"collection":[{"href":"https:\/\/sempowisko.com\/home\/wp-json\/wp\/v2\/pages"}],"about":[{"href":"https:\/\/sempowisko.com\/home\/wp-json\/wp\/v2\/types\/page"}],"author":[{"embeddable":true,"href":"https:\/\/sempowisko.com\/home\/wp-json\/wp\/v2\/users\/15"}],"replies":[{"embeddable":true,"href":"https:\/\/sempowisko.com\/home\/wp-json\/wp\/v2\/comments?post=719"}],"version-history":[{"count":1,"href":"https:\/\/sempowisko.com\/home\/wp-json\/wp\/v2\/pages\/719\/revisions"}],"predecessor-version":[{"id":720,"href":"https:\/\/sempowisko.com\/home\/wp-json\/wp\/v2\/pages\/719\/revisions\/720"}],"wp:attachment":[{"href":"https:\/\/sempowisko.com\/home\/wp-json\/wp\/v2\/media?parent=719"}],"curies":[{"name":"wp","href":"https:\/\/api.w.org\/{rel}","templated":true}]}}