{"id":309,"date":"2023-03-11T20:06:02","date_gmt":"2023-03-11T19:06:02","guid":{"rendered":"https:\/\/sempowisko.com\/home\/?page_id=309"},"modified":"2026-02-07T23:58:49","modified_gmt":"2026-02-07T22:58:49","slug":"sempowisko-2023","status":"publish","type":"page","link":"https:\/\/sempowisko.com\/home\/sempowisko-2023\/","title":{"rendered":"SeMPowisko 2023"},"content":{"rendered":"<p>Jeste\u015b studentem <strong>matematyki, fizyki, chemii, biologii, informatyki, geografii<\/strong> lub innego pokrewnego kierunku? A&nbsp;mo\u017ce nie jeste\u015b jeszcze studentem, ale ch\u0119tnie pos\u0142uchasz <strong>referat\u00f3w naukowych<\/strong> i&nbsp;<strong>popularnonaukowych<\/strong> z tych dziedzin? Je\u015bli na jedno z powy\u017cszych pyta\u0144 odpowiedzia\u0142e\u015b twierdz\u0105co, zapraszamy Ci\u0119 na konferencj\u0119 SeMPowisko 2023!<\/p>\n<p>Tegoroczna, XXI edycja naszej konferencji, odb\u0119dzie si\u0119 w dniach 11\u201314 maja 2023 roku w formie hybrydowej \u2013 stacjonarnie na Wydziale Fizyki, Astronomii i Informatyki Stosowanej UJ oraz zdalnie na platformie Microsoft Teams.<\/p>\n<h2 id=\"rejestracja\" class=\"sectionedit1\">REJESTRACJA<\/h2>\n<div class=\"level1\">\n<p>Aby wzi\u0105\u0107 udzia\u0142 w naszej konferencji wystarczy wype\u0142ni\u0107 kr\u00f3tki formularz.<\/p>\n<p><strong>Rejestracja zosta\u0142a zako\u0144czona.<\/strong><\/p>\n<p>Po wys\u0142aniu formularza otrzymasz maila z&nbsp;potwierdzeniem przyj\u0119cia zg\u0142oszenia. Prosimy o&nbsp;szczeg\u00f3\u0142owe sprawdzenie danych, kt\u00f3re zosta\u0142y wprowadzone \u2013 dok\u0142adnie w&nbsp;takiej formie znajd\u0105 si\u0119 one w&nbsp;ksi\u0105\u017cce abstrakt\u00f3w oraz na za\u015bwiadczeniach. W&nbsp;przypadku odnalezienia b\u0142\u0119d\u00f3w prosimy o&nbsp;niezw\u0142oczny kontakt.<\/p>\n<p>Po zamkni\u0119ciu rejestracji i&nbsp;sprawdzeniu wszystkich zg\u0142osze\u0144 pod wzgl\u0119dem merytorycznym skontaktujemy si\u0119 z&nbsp;Uczestnikami w&nbsp;celu potwierdzenia przyj\u0119cia referatu\/plakatu na konferencj\u0119.<\/p>\n<p>Oko\u0142o tygodnia przed konferencj\u0105 otrzymasz maila, w kt\u00f3rym poprosimy o potwierdzenie przybycia. Tylko osoby, kt\u00f3re potwierdz\u0105 swoj\u0105 obecno\u015b\u0107 oraz uiszcz\u0105&nbsp;<strong>op\u0142at\u0119 konferencyjn\u0105<\/strong> w wysoko\u015bci&nbsp;<strong>20 z\u0142<\/strong> b\u0119d\u0105 zarejestrowane (Osoby uczestnicz\u0105ce <strong>w formie zdalnej, uczestnicz\u0105 za darmo<\/strong>).<\/p>\n<h2 id=\"referaty\" class=\"sectionedit2\">REFERATY<\/h2>\n<div class=\"level1\">\n<p>Zapraszamy wszystkich student\u00f3w do wyg\u0142aszania referat\u00f3w, zar\u00f3wno stacjonarnie jak i w formie online. W tym roku przewidujemy trzy typy referat\u00f3w \u2013 <strong>d\u0142ugie (25 minut), kr\u00f3tkie (15 minut) i ekspresowe (10 minut)<\/strong>. Ilo\u015b\u0107 d\u0142ugich referat\u00f3w jest ograniczona, wi\u0119c zastrzegamy sobie prawo do wybrania najciekawszych abstrakt\u00f3w, gdy zg\u0142osze\u0144 b\u0119dzie wi\u0119cej ni\u017c miejsc.<\/p>\n<p>Referaty powinny spe\u0142nia\u0107 kilka warunk\u00f3w:<\/p>\n<ol>\n<li>Referat powinien by\u0107 w j\u0119zyku angielskim. Referaty w innych j\u0119zykach b\u0119d\u0105 odrzucane.<\/li>\n<li>Referat powinien zaj\u0105\u0107 maksymalnie <strong>10 minut (ekspresowy)\/ 15 minut (kr\u00f3tki)\/ 25 minut (d\u0142ugi)<\/strong>. Po nim b\u0119dzie czas na kr\u00f3tk\u0105 (4\u20137 minut) dyskusj\u0119.<\/li>\n<li>W formularzu rejestracyjnym nale\u017cy umie\u015bci\u0107 informacje o&nbsp;tytule referatu i&nbsp;kr\u00f3tki abstrakt (<strong>300\u20131200 znak\u00f3w<\/strong>). Dwie g\u0142\u00f3wne pozycje z&nbsp;bibliografii b\u0119d\u0105 mile widziane w&nbsp;uwagach.<\/li>\n<li>Organizatorzy zastrzegaj\u0105 sobie mo\u017cliwo\u015b\u0107 odrzucenia prezentacji, je\u017celi zostanie ona uznana za nienaukow\u0105 ani niepopularnonaukow\u0105, lub gdy liczba zg\u0142osze\u0144 b\u0119dzie zbyt du\u017ca.<\/li>\n<\/ol>\n<p>O przyj\u0119ciu referatu poinformujemy mailowo po zako\u0144czeniu rejestracji.<\/p>\n<h2 id=\"sesja_plakatowa\" class=\"sectionedit3\">SESJA PLAKATOWA<\/h2>\n<div class=\"level1\">\n<p>Przed-ostatniego dnia konferencji odb\u0119dzie si\u0119 sesja posterowa. Zach\u0119camy do przygotowania swoich plakat\u00f3w, a zainteresowanych prosimy o wype\u0142nienie stosownych p\u00f3l w formularzu rejestracyjnym.<\/p>\n<p>Sesja referatowa odbywa\u0107 si\u0119 b\u0119dzie w korytarzu wydzia\u0142u FAIS UJ. Organizatorzy zapewni\u0105 specjalne sztalugi na plakaty. W wyznaczonym przedziale czasu, osoby prezentuj\u0105ce b\u0119d\u0105 mog\u0142y sta\u0107 przy swoich plakatach i opowiada\u0107 o nich zainteresowanym uczestnikom. Uczestnicy nie prezentuj\u0105cy plakat\u00f3w b\u0119d\u0105 zaproszeni do ogl\u0105dania plakat\u00f3w i dyskutowania z ich autorami.<\/p>\n<p>Wymogi formalne dla plakat\u00f3w:<\/p>\n<ol>\n<li>Plakat powinien mie\u0107 format <strong>nie mniejszy ni\u017c A2 i nie wi\u0119kszy ni\u017c A0<\/strong>.<\/li>\n<li>Prezentowane plakaty mog\u0105 mie\u0107 charakter przegl\u0105dowy lub oparty o w\u0142asne wyniki bada\u0144.<\/li>\n<li>Czynny udzia\u0142 w sesji plakatowej jest mo\u017cliwy tylko stacjonarnie. Je\u017celi chcesz przedstawi\u0107 plakat zdalnie, zach\u0119camy do zg\u0142oszenia go jako referat (ekspresowy lub kr\u00f3tki).<\/li>\n<li>W formularzu rejestracyjnym nale\u017cy umie\u015bci\u0107 informacje o tytule referatu i kr\u00f3tki abstrakt (<strong>300\u20131200 znak\u00f3w<\/strong>). Dwie g\u0142\u00f3wne pozycje z bibliografii b\u0119d\u0105 mile widziane w uwagach.<\/li>\n<\/ol>\n<\/div>\n<\/div>\n<h2 id=\"terminarz\" class=\"sectionedit4\">TERMINARZ<\/h2>\n<p><strong>27.03.2023 \u2013 <\/strong>otwarcie rejestracji<\/p>\n<p><strong>30.04.2023 \u2013 <\/strong>zako\u0144czenie rejestracji<\/p>\n<p><strong>11.05.2023<\/strong>&nbsp;\u2013 otwarcie konferencji<\/p>\n<p><strong>12.05.2023 \u2013<\/strong> drugi dzie\u0144 konferencji<\/p>\n<p><strong>13.05.2023 \u2013<\/strong> trzeci dzie\u0144 konferencji<\/p>\n<p><strong>14.05.2023 \u2013<\/strong> czwarty dzie\u0144 konferencji<\/p>\n<\/div>\n<div id=\"fb-root\">&nbsp;<\/div>\n<p><script async=\"\" defer=\"\" crossorigin=\"anonymous\" src=\"https:\/\/connect.facebook.net\/pl_PL\/sdk.js#xfbml=1&amp;version=v16.0&amp;appId=680177813801399&amp;autoLogAppEvents=1\" nonce=\"P1BYNHY0\"><\/script><\/p>\n<p><!-- TODO: embed z facebooka --><\/p>\n\n\n<hr class=\"wp-block-separator has-css-opacity is-style-wide\"\/>\n\n\n\n<p>Masz pytanie?<\/p>\n\n\n\n<p>Napisz na:&nbsp;<a href=\"mailto:sempowisko2023@gmail.com\"><strong>sempowisko2023@gmail.com<\/strong><\/a><\/p>\n\n\n\n<hr class=\"wp-block-separator has-css-opacity\"\/>\n\n\n\n<div class=\"wp-block-group is-layout-flow wp-block-group-is-layout-flow\"><div class=\"wp-block-group__inner-container\">\n<div class=\"wp-block-group is-layout-flow wp-block-group-is-layout-flow\"><div class=\"wp-block-group__inner-container\"><\/div><\/div>\n<\/div><\/div>\n\n\n\n<figure class=\"wp-block-gallery has-nested-images columns-default wp-block-gallery-1 is-layout-flex wp-block-gallery-is-layout-flex\">\n<figure class=\"wp-block-image size-large is-resized\"><img loading=\"lazy\" decoding=\"async\" src=\"https:\/\/sck.bratniak.org\/wp-content\/uploads\/2014\/10\/logo-bratniak.jpg\" alt=\"Logo Bratniaka\" width=\"206\" height=\"187\" title=\"Logo Bratniaka\"\/><\/figure>\n\n\n\n<figure class=\"wp-block-image size-full\"><img loading=\"lazy\" decoding=\"async\" width=\"3100\" height=\"1500\" data-id=\"322\" src=\"https:\/\/sempowisko.com\/home\/wp-content\/uploads\/2023\/03\/gorny-kolor.png\" alt=\"\" class=\"wp-image-322\"\/><\/figure>\n<figcaption class=\"blocks-gallery-caption wp-element-caption\">SeMPowisko 2023 jest wsp\u00f3\u0142finansowane przez Fundacj\u0119 Bratniak i Rad\u0119 K\u00f3\u0142 Naukowych UJ<\/figcaption><\/figure>\n","protected":false},"excerpt":{"rendered":"<p>Jeste\u015b studentem matematyki, fizyki, chemii, biologii, informatyki, geografii lub innego pokrewnego kierunku? A&nbsp;mo\u017ce nie jeste\u015b jeszcze studentem, ale ch\u0119tnie pos\u0142uchasz referat\u00f3w naukowych i&nbsp;popularnonaukowych z tych dziedzin? Je\u015bli na jedno z powy\u017cszych pyta\u0144 odpowiedzia\u0142e\u015b twierdz\u0105co, zapraszamy Ci\u0119 na konferencj\u0119 SeMPowisko 2023! Tegoroczna, XXI edycja naszej konferencji, odb\u0119dzie si\u0119 w dniach 11\u201314 maja 2023 roku w formie &hellip; <a href=\"https:\/\/sempowisko.com\/home\/sempowisko-2023\/\" class=\"more-link\">Czytaj dalej <span class=\"screen-reader-text\">SeMPowisko 2023<\/span><\/a><\/p>\n","protected":false},"author":15,"featured_media":315,"parent":0,"menu_order":-23,"comment_status":"closed","ping_status":"closed","template":"","meta":{"footnotes":""},"yoast_head":"<!-- This site is optimized with the Yoast SEO plugin v22.2 - https:\/\/yoast.com\/wordpress\/plugins\/seo\/ -->\n<title>SeMPowisko 2023 - KMPSUJ<\/title>\n<meta name=\"description\" content=\"SeMPowisko to interdyscyplinarna konferencja organizowana przez KMPSUJ. Tegoroczne, XXI SeMPowisko, odb\u0119dzie si\u0119 11\u201314 maja 2022 roku.\" \/>\n<meta name=\"robots\" content=\"index, follow, max-snippet:-1, max-image-preview:large, max-video-preview:-1\" \/>\n<link rel=\"canonical\" href=\"https:\/\/sempowisko.com\/home\/sempowisko-2023\/\" \/>\n<meta property=\"og:locale\" content=\"pl_PL\" \/>\n<meta property=\"og:type\" content=\"article\" \/>\n<meta property=\"og:title\" content=\"SeMPowisko 2023 - KMPSUJ\" \/>\n<meta property=\"og:description\" content=\"SeMPowisko to interdyscyplinarna konferencja organizowana przez KMPSUJ. Tegoroczne, XXI SeMPowisko, odb\u0119dzie si\u0119 11\u201314 maja 2022 roku.\" \/>\n<meta property=\"og:url\" content=\"https:\/\/sempowisko.com\/home\/sempowisko-2023\/\" \/>\n<meta property=\"og:site_name\" content=\"KMPSUJ\" \/>\n<meta property=\"article:publisher\" content=\"https:\/\/www.facebook.com\/KMPSUJ\" \/>\n<meta property=\"article:modified_time\" content=\"2026-02-07T22:58:49+00:00\" \/>\n<meta property=\"og:image\" content=\"https:\/\/sempowisko.com\/home\/wp-content\/uploads\/2023\/03\/331808391_518444333697801_8975320097027826783_n.jpg\" \/>\n\t<meta property=\"og:image:width\" content=\"1640\" \/>\n\t<meta property=\"og:image:height\" content=\"924\" \/>\n\t<meta property=\"og:image:type\" content=\"image\/jpeg\" \/>\n<meta name=\"twitter:card\" content=\"summary_large_image\" \/>\n<meta name=\"twitter:label1\" content=\"Szacowany czas czytania\" \/>\n\t<meta name=\"twitter:data1\" content=\"4 minuty\" \/>\n<script type=\"application\/ld+json\" class=\"yoast-schema-graph\">{\"@context\":\"https:\/\/schema.org\",\"@graph\":[{\"@type\":\"WebPage\",\"@id\":\"https:\/\/sempowisko.com\/home\/sempowisko-2023\/\",\"url\":\"https:\/\/sempowisko.com\/home\/sempowisko-2023\/\",\"name\":\"SeMPowisko 2023 - KMPSUJ\",\"isPartOf\":{\"@id\":\"https:\/\/sempowisko.com\/home\/#website\"},\"primaryImageOfPage\":{\"@id\":\"https:\/\/sempowisko.com\/home\/sempowisko-2023\/#primaryimage\"},\"image\":{\"@id\":\"https:\/\/sempowisko.com\/home\/sempowisko-2023\/#primaryimage\"},\"thumbnailUrl\":\"https:\/\/sempowisko.com\/home\/wp-content\/uploads\/2023\/03\/331808391_518444333697801_8975320097027826783_n.jpg\",\"datePublished\":\"2023-03-11T19:06:02+00:00\",\"dateModified\":\"2026-02-07T22:58:49+00:00\",\"description\":\"SeMPowisko to interdyscyplinarna konferencja organizowana przez KMPSUJ. Tegoroczne, XXI SeMPowisko, odb\u0119dzie si\u0119 11\u201314 maja 2022 roku.\",\"breadcrumb\":{\"@id\":\"https:\/\/sempowisko.com\/home\/sempowisko-2023\/#breadcrumb\"},\"inLanguage\":\"pl-PL\",\"potentialAction\":[{\"@type\":\"ReadAction\",\"target\":[\"https:\/\/sempowisko.com\/home\/sempowisko-2023\/\"]}]},{\"@type\":\"ImageObject\",\"inLanguage\":\"pl-PL\",\"@id\":\"https:\/\/sempowisko.com\/home\/sempowisko-2023\/#primaryimage\",\"url\":\"https:\/\/sempowisko.com\/home\/wp-content\/uploads\/2023\/03\/331808391_518444333697801_8975320097027826783_n.jpg\",\"contentUrl\":\"https:\/\/sempowisko.com\/home\/wp-content\/uploads\/2023\/03\/331808391_518444333697801_8975320097027826783_n.jpg\",\"width\":1640,\"height\":924},{\"@type\":\"BreadcrumbList\",\"@id\":\"https:\/\/sempowisko.com\/home\/sempowisko-2023\/#breadcrumb\",\"itemListElement\":[{\"@type\":\"ListItem\",\"position\":1,\"name\":\"Strona g\u0142\u00f3wna\",\"item\":\"https:\/\/sempowisko.com\/home\/\"},{\"@type\":\"ListItem\",\"position\":2,\"name\":\"SeMPowisko 2023\"}]},{\"@type\":\"WebSite\",\"@id\":\"https:\/\/sempowisko.com\/home\/#website\",\"url\":\"https:\/\/sempowisko.com\/home\/\",\"name\":\"KMPSUJ\",\"description\":\"Na tej ga\u0142\u0119zi siedzi SeMP\",\"publisher\":{\"@id\":\"https:\/\/sempowisko.com\/home\/#organization\"},\"potentialAction\":[{\"@type\":\"SearchAction\",\"target\":{\"@type\":\"EntryPoint\",\"urlTemplate\":\"https:\/\/sempowisko.com\/home\/?s={search_term_string}\"},\"query-input\":\"required name=search_term_string\"}],\"inLanguage\":\"pl-PL\"},{\"@type\":\"Organization\",\"@id\":\"https:\/\/sempowisko.com\/home\/#organization\",\"name\":\"Ko\u0142o Matematyczno-Przyrodnicze Student\u00f3w UJ\",\"url\":\"https:\/\/sempowisko.com\/home\/\",\"logo\":{\"@type\":\"ImageObject\",\"inLanguage\":\"pl-PL\",\"@id\":\"https:\/\/sempowisko.com\/home\/#\/schema\/logo\/image\/\",\"url\":\"https:\/\/smp.if.uj.edu.pl\/home\/wp-content\/uploads\/2016\/05\/nowe_logo_kola.png\",\"contentUrl\":\"https:\/\/smp.if.uj.edu.pl\/home\/wp-content\/uploads\/2016\/05\/nowe_logo_kola.png\",\"width\":835,\"height\":758,\"caption\":\"Ko\u0142o Matematyczno-Przyrodnicze Student\u00f3w UJ\"},\"image\":{\"@id\":\"https:\/\/sempowisko.com\/home\/#\/schema\/logo\/image\/\"},\"sameAs\":[\"https:\/\/www.facebook.com\/KMPSUJ\"]}]}<\/script>\n<!-- \/ Yoast SEO plugin. -->","yoast_head_json":{"title":"SeMPowisko 2023 - KMPSUJ","description":"SeMPowisko to interdyscyplinarna konferencja organizowana przez KMPSUJ. Tegoroczne, XXI SeMPowisko, odb\u0119dzie si\u0119 11\u201314 maja 2022 roku.","robots":{"index":"index","follow":"follow","max-snippet":"max-snippet:-1","max-image-preview":"max-image-preview:large","max-video-preview":"max-video-preview:-1"},"canonical":"https:\/\/sempowisko.com\/home\/sempowisko-2023\/","og_locale":"pl_PL","og_type":"article","og_title":"SeMPowisko 2023 - KMPSUJ","og_description":"SeMPowisko to interdyscyplinarna konferencja organizowana przez KMPSUJ. Tegoroczne, XXI SeMPowisko, odb\u0119dzie si\u0119 11\u201314 maja 2022 roku.","og_url":"https:\/\/sempowisko.com\/home\/sempowisko-2023\/","og_site_name":"KMPSUJ","article_publisher":"https:\/\/www.facebook.com\/KMPSUJ","article_modified_time":"2026-02-07T22:58:49+00:00","og_image":[{"width":1640,"height":924,"url":"https:\/\/sempowisko.com\/home\/wp-content\/uploads\/2023\/03\/331808391_518444333697801_8975320097027826783_n.jpg","type":"image\/jpeg"}],"twitter_card":"summary_large_image","twitter_misc":{"Szacowany czas czytania":"4 minuty"},"schema":{"@context":"https:\/\/schema.org","@graph":[{"@type":"WebPage","@id":"https:\/\/sempowisko.com\/home\/sempowisko-2023\/","url":"https:\/\/sempowisko.com\/home\/sempowisko-2023\/","name":"SeMPowisko 2023 - KMPSUJ","isPartOf":{"@id":"https:\/\/sempowisko.com\/home\/#website"},"primaryImageOfPage":{"@id":"https:\/\/sempowisko.com\/home\/sempowisko-2023\/#primaryimage"},"image":{"@id":"https:\/\/sempowisko.com\/home\/sempowisko-2023\/#primaryimage"},"thumbnailUrl":"https:\/\/sempowisko.com\/home\/wp-content\/uploads\/2023\/03\/331808391_518444333697801_8975320097027826783_n.jpg","datePublished":"2023-03-11T19:06:02+00:00","dateModified":"2026-02-07T22:58:49+00:00","description":"SeMPowisko to interdyscyplinarna konferencja organizowana przez KMPSUJ. Tegoroczne, XXI SeMPowisko, odb\u0119dzie si\u0119 11\u201314 maja 2022 roku.","breadcrumb":{"@id":"https:\/\/sempowisko.com\/home\/sempowisko-2023\/#breadcrumb"},"inLanguage":"pl-PL","potentialAction":[{"@type":"ReadAction","target":["https:\/\/sempowisko.com\/home\/sempowisko-2023\/"]}]},{"@type":"ImageObject","inLanguage":"pl-PL","@id":"https:\/\/sempowisko.com\/home\/sempowisko-2023\/#primaryimage","url":"https:\/\/sempowisko.com\/home\/wp-content\/uploads\/2023\/03\/331808391_518444333697801_8975320097027826783_n.jpg","contentUrl":"https:\/\/sempowisko.com\/home\/wp-content\/uploads\/2023\/03\/331808391_518444333697801_8975320097027826783_n.jpg","width":1640,"height":924},{"@type":"BreadcrumbList","@id":"https:\/\/sempowisko.com\/home\/sempowisko-2023\/#breadcrumb","itemListElement":[{"@type":"ListItem","position":1,"name":"Strona g\u0142\u00f3wna","item":"https:\/\/sempowisko.com\/home\/"},{"@type":"ListItem","position":2,"name":"SeMPowisko 2023"}]},{"@type":"WebSite","@id":"https:\/\/sempowisko.com\/home\/#website","url":"https:\/\/sempowisko.com\/home\/","name":"KMPSUJ","description":"Na tej ga\u0142\u0119zi siedzi SeMP","publisher":{"@id":"https:\/\/sempowisko.com\/home\/#organization"},"potentialAction":[{"@type":"SearchAction","target":{"@type":"EntryPoint","urlTemplate":"https:\/\/sempowisko.com\/home\/?s={search_term_string}"},"query-input":"required name=search_term_string"}],"inLanguage":"pl-PL"},{"@type":"Organization","@id":"https:\/\/sempowisko.com\/home\/#organization","name":"Ko\u0142o Matematyczno-Przyrodnicze Student\u00f3w UJ","url":"https:\/\/sempowisko.com\/home\/","logo":{"@type":"ImageObject","inLanguage":"pl-PL","@id":"https:\/\/sempowisko.com\/home\/#\/schema\/logo\/image\/","url":"https:\/\/smp.if.uj.edu.pl\/home\/wp-content\/uploads\/2016\/05\/nowe_logo_kola.png","contentUrl":"https:\/\/smp.if.uj.edu.pl\/home\/wp-content\/uploads\/2016\/05\/nowe_logo_kola.png","width":835,"height":758,"caption":"Ko\u0142o Matematyczno-Przyrodnicze Student\u00f3w UJ"},"image":{"@id":"https:\/\/sempowisko.com\/home\/#\/schema\/logo\/image\/"},"sameAs":["https:\/\/www.facebook.com\/KMPSUJ"]}]}},"_links":{"self":[{"href":"https:\/\/sempowisko.com\/home\/wp-json\/wp\/v2\/pages\/309"}],"collection":[{"href":"https:\/\/sempowisko.com\/home\/wp-json\/wp\/v2\/pages"}],"about":[{"href":"https:\/\/sempowisko.com\/home\/wp-json\/wp\/v2\/types\/page"}],"author":[{"embeddable":true,"href":"https:\/\/sempowisko.com\/home\/wp-json\/wp\/v2\/users\/15"}],"replies":[{"embeddable":true,"href":"https:\/\/sempowisko.com\/home\/wp-json\/wp\/v2\/comments?post=309"}],"version-history":[{"count":24,"href":"https:\/\/sempowisko.com\/home\/wp-json\/wp\/v2\/pages\/309\/revisions"}],"predecessor-version":[{"id":630,"href":"https:\/\/sempowisko.com\/home\/wp-json\/wp\/v2\/pages\/309\/revisions\/630"}],"wp:featuredmedia":[{"embeddable":true,"href":"https:\/\/sempowisko.com\/home\/wp-json\/wp\/v2\/media\/315"}],"wp:attachment":[{"href":"https:\/\/sempowisko.com\/home\/wp-json\/wp\/v2\/media?parent=309"}],"curies":[{"name":"wp","href":"https:\/\/api.w.org\/{rel}","templated":true}]}}