{"id":16,"date":"2016-04-26T07:43:01","date_gmt":"2016-04-26T05:43:01","guid":{"rendered":"https:\/\/smp.if.uj.edu.pl\/home\/?page_id=16"},"modified":"2026-01-09T17:54:33","modified_gmt":"2026-01-09T16:54:33","slug":"strona-glowna","status":"publish","type":"page","link":"https:\/\/sempowisko.com\/home\/","title":{"rendered":"Strona g\u0142\u00f3wna"},"content":{"rendered":"\n<a href=\"https:\/\/sempowisko.com\/2026\"><figure class=\"wp-block-image size-large\"><img loading=\"lazy\" decoding=\"async\" width=\"1024\" height=\"541\" src=\"https:\/\/sempowisko.com\/home\/wp-content\/uploads\/2026\/01\/rect31483-1024x541.png\" alt=\"\" class=\"wp-image-712\" srcset=\"https:\/\/sempowisko.com\/home\/wp-content\/uploads\/2026\/01\/rect31483-1024x541.png 1024w, https:\/\/sempowisko.com\/home\/wp-content\/uploads\/2026\/01\/rect31483-300x158.png 300w, https:\/\/sempowisko.com\/home\/wp-content\/uploads\/2026\/01\/rect31483-768x405.png 768w, https:\/\/sempowisko.com\/home\/wp-content\/uploads\/2026\/01\/rect31483-1536x811.png 1536w, https:\/\/sempowisko.com\/home\/wp-content\/uploads\/2026\/01\/rect31483-2048x1081.png 2048w\" sizes=\"(max-width: 1024px) 100vw, 1024px\" \/><\/figure><\/a>\n\n\n<p><strong>Witaj na stronie Ko\u0142a Matematyczno-Przyrodniczego Student\u00f3w UJ!<\/strong><\/p>\n<p><img loading=\"lazy\" decoding=\"async\" class=\"wp-image-267 size-full aligncenter\" src=\"https:\/\/sempowisko.com\/home\/wp-content\/uploads\/2022\/08\/koszulkakolor.png\" alt=\"Fioletowa litera S, zielona litera M, \u017c\u00f3\u0142ta litera P, w tle czerwony s\u0119p\" width=\"551\" height=\"338\" \/><\/p>\n<p>Ko\u0142o Matematyczno-Przyrodnicze Student\u00f3w Uniwersytetu Jagiello\u0144skiego (KMPSUJ), a potocznie Ko\u0142o SMP, jest dumnym i pr\u0119\u017cnie dzia\u0142aj\u0105cym studenckim ko\u0142em naukowym.<\/p>\n<p>Je\u017celi jeszcze nas nie pozna\u0142e\u015b, to serdecznie zapraszamy! Gnie\u017adzimy si\u0119 w luksusowym (jak na warunki studenckie) lokalu o enigmatycznej, oficjalnej nazwie H-1-03 nazywanym czasem Ibiz\u0105 (dlaczego dowiesz si\u0119 co najwy\u017cej osobi\u015bcie). Poniewa\u017c nie tylko studiujemy, ale tak\u017ce uczymy si\u0119 nie\u00a0jeste\u015bmy w stanie utrzyma\u0107\u00a0lokalu Ko\u0142a stale otwartym &#8211; je\u015bli spotkasz zamkni\u0119te drzwi nie za\u0142amuj si\u0119 i wr\u00f3\u0107 za jaki\u015b czas &#8211; na pewno si\u0119 op\u0142aci!<\/p>\n<hr \/>\n<p>Nie zwlekaj \u2013 zarejestruj si\u0119 na <a href=\"https:\/\/sempowisko.com\/2025\">SeMPowisko 2025!<\/a><\/p>\n<p>Zobacz te\u017c:<\/p>\n<ul>\n<li><a href=\"https:\/\/smp.uj.edu.pl\">oficjaln\u0105 stron\u0119 Studi\u00f3w Matematyczno-Przyrodniczych<\/a><\/li>\n<li><a href=\"https:\/\/facebook.com\/KMPSUJ\">nasz\u0105 stron\u0119 na Facebooku<\/a><\/li>\n<li><a href=\"https:\/\/smp.if.uj.edu.pl\/wiki\">nasz\u0105 wiki (w trakcie prac konserwacyjnych)<\/a><\/li>\n<\/ul>\n<div id=\"fb-root\" style=\"text-align: center;\">\u00a0<\/div>\n<div style=\"text-align: center;\">\u00a0<\/div>\n<p style=\"text-align: center;\"><script async=\"\" defer=\"\" crossorigin=\"anonymous\" src=\"https:\/\/connect.facebook.net\/pl_PL\/sdk.js#xfbml=1&amp;version=v13.0\" nonce=\"dQcfV5wm\"><\/script><\/p>\n<div class=\"fb-page\" style=\"margin: 0 auto; float: center;\" data-href=\"https:\/\/www.facebook.com\/kmpsuj\" data-tabs=\"\" data-width=\"500\" data-height=\"\" data-small-header=\"false\" data-adapt-container-width=\"true\" data-hide-cover=\"false\" data-show-facepile=\"true\">\n<blockquote class=\"fb-xfbml-parse-ignore\" cite=\"https:\/\/www.facebook.com\/kmpsuj\">\n<p style=\"text-align: center;\"><a href=\"https:\/\/www.facebook.com\/kmpsuj\">Ko\u0142o Matematyczno-Przyrodnicze Student\u00f3w UJ<\/a><\/p>\n<\/blockquote>\n<\/div>\n\n\t\t<div id=\"wpmapblock_2dcea7c4\" data-settings='{&quot;map_marker&quot;:[{&quot;lat&quot;:&quot;50.02985734153&quot;,&quot;lng&quot;:&quot;19.905354380608&quot;,&quot;title&quot;:&quot;Our location&quot;,&quot;content&quot;:&quot;Ko\\u0142o Matematyczno-Przyrodnicze Student\\u00f3w UJ, room H-1-03, \\u0141ojasiewicza 11, 30-348 Krak\\u00f3w, Poland&quot;,&quot;iconType&quot;:&quot;default&quot;,&quot;customIconUrl&quot;:&quot;&quot;,&quot;customIconWidth&quot;:&quot;25&quot;,&quot;customIconHeight&quot;:&quot;40&quot;}],&quot;map_zoom&quot;:10,&quot;scroll_wheel_zoom&quot;:false,&quot;map_type&quot;:&quot;GM&quot;,&quot;center_index&quot;:0}' class=\"wpmapblockrender\" style=\"\n\t\t\twidth: 100%;\n\t\t\theight: 500px;\n\t\t\"><\/div>\n        ","protected":false},"excerpt":{"rendered":"<p>Witaj na stronie Ko\u0142a Matematyczno-Przyrodniczego Student\u00f3w UJ! Ko\u0142o Matematyczno-Przyrodnicze Student\u00f3w Uniwersytetu Jagiello\u0144skiego (KMPSUJ), a potocznie Ko\u0142o SMP, jest dumnym i pr\u0119\u017cnie dzia\u0142aj\u0105cym studenckim ko\u0142em naukowym. Je\u017celi jeszcze nas nie pozna\u0142e\u015b, to serdecznie zapraszamy! Gnie\u017adzimy si\u0119 w luksusowym (jak na warunki studenckie) lokalu o enigmatycznej, oficjalnej nazwie H-1-03 nazywanym czasem Ibiz\u0105 (dlaczego dowiesz si\u0119 co najwy\u017cej &hellip; <a href=\"https:\/\/sempowisko.com\/home\/\" class=\"more-link\">Czytaj dalej <span class=\"screen-reader-text\">Strona g\u0142\u00f3wna<\/span><\/a><\/p>\n","protected":false},"author":5,"featured_media":0,"parent":0,"menu_order":0,"comment_status":"closed","ping_status":"closed","template":"","meta":{"footnotes":""},"yoast_head":"<!-- This site is optimized with the Yoast SEO plugin v22.2 - https:\/\/yoast.com\/wordpress\/plugins\/seo\/ -->\n<title>Strona g\u0142\u00f3wna - KMPSUJ<\/title>\n<meta name=\"description\" content=\"Oficjalna strona internetowa Ko\u0142a Matematyczno-Przyrodniczego Student\u00f3w Uniwersytetu Jagiello\u0144skiego (KMPSUJ).\" \/>\n<meta name=\"robots\" content=\"index, follow, max-snippet:-1, max-image-preview:large, max-video-preview:-1\" \/>\n<link rel=\"canonical\" href=\"https:\/\/sempowisko.com\/home\/\" \/>\n<meta property=\"og:locale\" content=\"pl_PL\" \/>\n<meta property=\"og:type\" content=\"article\" \/>\n<meta property=\"og:title\" content=\"Ko\u0142o Matematyczno-Przyrodnicze Student\u00f3w UJ\" \/>\n<meta property=\"og:description\" content=\"Oficjalna strona internetowa Ko\u0142a Matematyczno-Przyrodniczego Student\u00f3w Uniwersytetu Jagiello\u0144skiego (KMPSUJ).\" \/>\n<meta property=\"og:url\" content=\"https:\/\/sempowisko.com\/home\/\" \/>\n<meta property=\"og:site_name\" content=\"KMPSUJ\" \/>\n<meta property=\"article:publisher\" content=\"https:\/\/www.facebook.com\/KMPSUJ\" \/>\n<meta property=\"article:modified_time\" content=\"2026-01-09T16:54:33+00:00\" \/>\n<meta property=\"og:image\" content=\"https:\/\/sempowisko.com\/home\/wp-content\/uploads\/2022\/08\/koszulkakolor.png\" \/>\n\t<meta property=\"og:image:width\" content=\"551\" \/>\n\t<meta property=\"og:image:height\" content=\"338\" \/>\n\t<meta property=\"og:image:type\" content=\"image\/png\" \/>\n<meta name=\"twitter:card\" content=\"summary_large_image\" \/>\n<meta name=\"twitter:title\" content=\"Ko\u0142o Matematyczno-Przyrodnicze Student\u00f3w UJ\" \/>\n<meta name=\"twitter:image\" content=\"https:\/\/sempowisko.com\/home\/wp-content\/uploads\/2022\/08\/koszulkakolor.png\" \/>\n<meta name=\"twitter:label1\" content=\"Szacowany czas czytania\" \/>\n\t<meta name=\"twitter:data1\" content=\"1 minuta\" \/>\n<script type=\"application\/ld+json\" class=\"yoast-schema-graph\">{\"@context\":\"https:\/\/schema.org\",\"@graph\":[{\"@type\":\"WebPage\",\"@id\":\"https:\/\/sempowisko.com\/home\/\",\"url\":\"https:\/\/sempowisko.com\/home\/\",\"name\":\"Strona g\u0142\u00f3wna - KMPSUJ\",\"isPartOf\":{\"@id\":\"https:\/\/sempowisko.com\/home\/#website\"},\"primaryImageOfPage\":{\"@id\":\"https:\/\/sempowisko.com\/home\/#primaryimage\"},\"image\":{\"@id\":\"https:\/\/sempowisko.com\/home\/#primaryimage\"},\"thumbnailUrl\":\"https:\/\/sempowisko.com\/home\/wp-content\/uploads\/2026\/01\/rect31483-1024x541.png\",\"datePublished\":\"2016-04-26T05:43:01+00:00\",\"dateModified\":\"2026-01-09T16:54:33+00:00\",\"description\":\"Oficjalna strona internetowa Ko\u0142a Matematyczno-Przyrodniczego Student\u00f3w Uniwersytetu Jagiello\u0144skiego (KMPSUJ).\",\"breadcrumb\":{\"@id\":\"https:\/\/sempowisko.com\/home\/#breadcrumb\"},\"inLanguage\":\"pl-PL\",\"potentialAction\":[{\"@type\":\"ReadAction\",\"target\":[\"https:\/\/sempowisko.com\/home\/\"]}]},{\"@type\":\"ImageObject\",\"inLanguage\":\"pl-PL\",\"@id\":\"https:\/\/sempowisko.com\/home\/#primaryimage\",\"url\":\"https:\/\/sempowisko.com\/home\/wp-content\/uploads\/2026\/01\/rect31483.png\",\"contentUrl\":\"https:\/\/sempowisko.com\/home\/wp-content\/uploads\/2026\/01\/rect31483.png\",\"width\":2309,\"height\":1219},{\"@type\":\"BreadcrumbList\",\"@id\":\"https:\/\/sempowisko.com\/home\/#breadcrumb\",\"itemListElement\":[{\"@type\":\"ListItem\",\"position\":1,\"name\":\"Strona g\u0142\u00f3wna\",\"item\":\"https:\/\/sempowisko.com\/home\/\"},{\"@type\":\"ListItem\",\"position\":2,\"name\":\"home\"}]},{\"@type\":\"WebSite\",\"@id\":\"https:\/\/sempowisko.com\/home\/#website\",\"url\":\"https:\/\/sempowisko.com\/home\/\",\"name\":\"KMPSUJ\",\"description\":\"Na tej ga\u0142\u0119zi siedzi SeMP\",\"publisher\":{\"@id\":\"https:\/\/sempowisko.com\/home\/#organization\"},\"potentialAction\":[{\"@type\":\"SearchAction\",\"target\":{\"@type\":\"EntryPoint\",\"urlTemplate\":\"https:\/\/sempowisko.com\/home\/?s={search_term_string}\"},\"query-input\":\"required name=search_term_string\"}],\"inLanguage\":\"pl-PL\"},{\"@type\":\"Organization\",\"@id\":\"https:\/\/sempowisko.com\/home\/#organization\",\"name\":\"Ko\u0142o Matematyczno-Przyrodnicze Student\u00f3w UJ\",\"url\":\"https:\/\/sempowisko.com\/home\/\",\"logo\":{\"@type\":\"ImageObject\",\"inLanguage\":\"pl-PL\",\"@id\":\"https:\/\/sempowisko.com\/home\/#\/schema\/logo\/image\/\",\"url\":\"https:\/\/smp.if.uj.edu.pl\/home\/wp-content\/uploads\/2016\/05\/nowe_logo_kola.png\",\"contentUrl\":\"https:\/\/smp.if.uj.edu.pl\/home\/wp-content\/uploads\/2016\/05\/nowe_logo_kola.png\",\"width\":835,\"height\":758,\"caption\":\"Ko\u0142o Matematyczno-Przyrodnicze Student\u00f3w UJ\"},\"image\":{\"@id\":\"https:\/\/sempowisko.com\/home\/#\/schema\/logo\/image\/\"},\"sameAs\":[\"https:\/\/www.facebook.com\/KMPSUJ\"]}]}<\/script>\n<!-- \/ Yoast SEO plugin. -->","yoast_head_json":{"title":"Strona g\u0142\u00f3wna - KMPSUJ","description":"Oficjalna strona internetowa Ko\u0142a Matematyczno-Przyrodniczego Student\u00f3w Uniwersytetu Jagiello\u0144skiego (KMPSUJ).","robots":{"index":"index","follow":"follow","max-snippet":"max-snippet:-1","max-image-preview":"max-image-preview:large","max-video-preview":"max-video-preview:-1"},"canonical":"https:\/\/sempowisko.com\/home\/","og_locale":"pl_PL","og_type":"article","og_title":"Ko\u0142o Matematyczno-Przyrodnicze Student\u00f3w UJ","og_description":"Oficjalna strona internetowa Ko\u0142a Matematyczno-Przyrodniczego Student\u00f3w Uniwersytetu Jagiello\u0144skiego (KMPSUJ).","og_url":"https:\/\/sempowisko.com\/home\/","og_site_name":"KMPSUJ","article_publisher":"https:\/\/www.facebook.com\/KMPSUJ","article_modified_time":"2026-01-09T16:54:33+00:00","og_image":[{"width":551,"height":338,"url":"https:\/\/sempowisko.com\/home\/wp-content\/uploads\/2022\/08\/koszulkakolor.png","type":"image\/png"}],"twitter_card":"summary_large_image","twitter_title":"Ko\u0142o Matematyczno-Przyrodnicze Student\u00f3w UJ","twitter_image":"https:\/\/sempowisko.com\/home\/wp-content\/uploads\/2022\/08\/koszulkakolor.png","twitter_misc":{"Szacowany czas czytania":"1 minuta"},"schema":{"@context":"https:\/\/schema.org","@graph":[{"@type":"WebPage","@id":"https:\/\/sempowisko.com\/home\/","url":"https:\/\/sempowisko.com\/home\/","name":"Strona g\u0142\u00f3wna - KMPSUJ","isPartOf":{"@id":"https:\/\/sempowisko.com\/home\/#website"},"primaryImageOfPage":{"@id":"https:\/\/sempowisko.com\/home\/#primaryimage"},"image":{"@id":"https:\/\/sempowisko.com\/home\/#primaryimage"},"thumbnailUrl":"https:\/\/sempowisko.com\/home\/wp-content\/uploads\/2026\/01\/rect31483-1024x541.png","datePublished":"2016-04-26T05:43:01+00:00","dateModified":"2026-01-09T16:54:33+00:00","description":"Oficjalna strona internetowa Ko\u0142a Matematyczno-Przyrodniczego Student\u00f3w Uniwersytetu Jagiello\u0144skiego (KMPSUJ).","breadcrumb":{"@id":"https:\/\/sempowisko.com\/home\/#breadcrumb"},"inLanguage":"pl-PL","potentialAction":[{"@type":"ReadAction","target":["https:\/\/sempowisko.com\/home\/"]}]},{"@type":"ImageObject","inLanguage":"pl-PL","@id":"https:\/\/sempowisko.com\/home\/#primaryimage","url":"https:\/\/sempowisko.com\/home\/wp-content\/uploads\/2026\/01\/rect31483.png","contentUrl":"https:\/\/sempowisko.com\/home\/wp-content\/uploads\/2026\/01\/rect31483.png","width":2309,"height":1219},{"@type":"BreadcrumbList","@id":"https:\/\/sempowisko.com\/home\/#breadcrumb","itemListElement":[{"@type":"ListItem","position":1,"name":"Strona g\u0142\u00f3wna","item":"https:\/\/sempowisko.com\/home\/"},{"@type":"ListItem","position":2,"name":"home"}]},{"@type":"WebSite","@id":"https:\/\/sempowisko.com\/home\/#website","url":"https:\/\/sempowisko.com\/home\/","name":"KMPSUJ","description":"Na tej ga\u0142\u0119zi siedzi SeMP","publisher":{"@id":"https:\/\/sempowisko.com\/home\/#organization"},"potentialAction":[{"@type":"SearchAction","target":{"@type":"EntryPoint","urlTemplate":"https:\/\/sempowisko.com\/home\/?s={search_term_string}"},"query-input":"required name=search_term_string"}],"inLanguage":"pl-PL"},{"@type":"Organization","@id":"https:\/\/sempowisko.com\/home\/#organization","name":"Ko\u0142o Matematyczno-Przyrodnicze Student\u00f3w UJ","url":"https:\/\/sempowisko.com\/home\/","logo":{"@type":"ImageObject","inLanguage":"pl-PL","@id":"https:\/\/sempowisko.com\/home\/#\/schema\/logo\/image\/","url":"https:\/\/smp.if.uj.edu.pl\/home\/wp-content\/uploads\/2016\/05\/nowe_logo_kola.png","contentUrl":"https:\/\/smp.if.uj.edu.pl\/home\/wp-content\/uploads\/2016\/05\/nowe_logo_kola.png","width":835,"height":758,"caption":"Ko\u0142o Matematyczno-Przyrodnicze Student\u00f3w UJ"},"image":{"@id":"https:\/\/sempowisko.com\/home\/#\/schema\/logo\/image\/"},"sameAs":["https:\/\/www.facebook.com\/KMPSUJ"]}]}},"_links":{"self":[{"href":"https:\/\/sempowisko.com\/home\/wp-json\/wp\/v2\/pages\/16"}],"collection":[{"href":"https:\/\/sempowisko.com\/home\/wp-json\/wp\/v2\/pages"}],"about":[{"href":"https:\/\/sempowisko.com\/home\/wp-json\/wp\/v2\/types\/page"}],"author":[{"embeddable":true,"href":"https:\/\/sempowisko.com\/home\/wp-json\/wp\/v2\/users\/5"}],"replies":[{"embeddable":true,"href":"https:\/\/sempowisko.com\/home\/wp-json\/wp\/v2\/comments?post=16"}],"version-history":[{"count":23,"href":"https:\/\/sempowisko.com\/home\/wp-json\/wp\/v2\/pages\/16\/revisions"}],"predecessor-version":[{"id":722,"href":"https:\/\/sempowisko.com\/home\/wp-json\/wp\/v2\/pages\/16\/revisions\/722"}],"wp:attachment":[{"href":"https:\/\/sempowisko.com\/home\/wp-json\/wp\/v2\/media?parent=16"}],"curies":[{"name":"wp","href":"https:\/\/api.w.org\/{rel}","templated":true}]}}